{"id":865,"date":"2018-01-02T22:57:16","date_gmt":"2018-01-02T22:57:16","guid":{"rendered":"http:\/\/pecnew.com.br\/?post_type=product&#038;p=865"},"modified":"2022-06-06T13:16:06","modified_gmt":"2022-06-06T13:16:06","slug":"pododermatite-36kg","status":"publish","type":"product","link":"https:\/\/pecnew.com.br\/index.php\/produto\/pododermatite-36kg\/","title":{"rendered":"PODODERMATITE PECNEW BD DE 3,6KG"},"content":{"rendered":"<p>Adquira j\u00e1! Produto: Pododermatite 3,6kg Pecnew.<\/p>\n","protected":false},"excerpt":{"rendered":"<p>AUXILIA NA RECUPERA\u00c7\u00c3O DOS CASCOS,ATRAV\u00c9S DA REGENERA\u00c7\u00c3O DOS TECIDOS LOCAIS.<\/p>\n<p>AUS\u00caNCIA DE RES\u00cdDUO NA CARNE,LEITE E MEIO AMBIENTE.<\/p>\n","protected":false},"featured_media":2035,"comment_status":"open","ping_status":"closed","template":"","meta":{"_joinchat":[]},"product_brand":[],"product_cat":[37,24],"product_tag":[],"class_list":{"0":"post-865","1":"product","2":"type-product","3":"status-publish","4":"has-post-thumbnail","6":"product_cat-bovinos-equinos","7":"product_cat-linha-tradicional","9":"first","10":"instock","11":"shipping-taxable","12":"purchasable","13":"product-type-simple"},"_links":{"self":[{"href":"https:\/\/pecnew.com.br\/index.php\/wp-json\/wp\/v2\/product\/865","targetHints":{"allow":["GET"]}}],"collection":[{"href":"https:\/\/pecnew.com.br\/index.php\/wp-json\/wp\/v2\/product"}],"about":[{"href":"https:\/\/pecnew.com.br\/index.php\/wp-json\/wp\/v2\/types\/product"}],"replies":[{"embeddable":true,"href":"https:\/\/pecnew.com.br\/index.php\/wp-json\/wp\/v2\/comments?post=865"}],"wp:featuredmedia":[{"embeddable":true,"href":"https:\/\/pecnew.com.br\/index.php\/wp-json\/wp\/v2\/media\/2035"}],"wp:attachment":[{"href":"https:\/\/pecnew.com.br\/index.php\/wp-json\/wp\/v2\/media?parent=865"}],"wp:term":[{"taxonomy":"product_brand","embeddable":true,"href":"https:\/\/pecnew.com.br\/index.php\/wp-json\/wp\/v2\/product_brand?post=865"},{"taxonomy":"product_cat","embeddable":true,"href":"https:\/\/pecnew.com.br\/index.php\/wp-json\/wp\/v2\/product_cat?post=865"},{"taxonomy":"product_tag","embeddable":true,"href":"https:\/\/pecnew.com.br\/index.php\/wp-json\/wp\/v2\/product_tag?post=865"}],"curies":[{"name":"wp","href":"https:\/\/api.w.org\/{rel}","templated":true}]}}