{"id":845,"date":"2018-01-02T20:29:29","date_gmt":"2018-01-02T20:29:29","guid":{"rendered":"http:\/\/pecnew.com.br\/?post_type=product&#038;p=845"},"modified":"2022-06-02T14:44:42","modified_gmt":"2022-06-02T14:44:42","slug":"mastite-36kg-2","status":"publish","type":"product","link":"https:\/\/pecnew.com.br\/index.php\/produto\/mastite-36kg-2\/","title":{"rendered":"MASTITE PECNEW BD DE 3,6KG"},"content":{"rendered":"<p>Adquira j\u00e1! Produto: Mastite 3,6kg Pecnew.<\/p>\n","protected":false},"excerpt":{"rendered":"<p>AUXILIA NA PREVEN\u00c7\u00c3O DE MASTITE CLINICA E SUBCL\u00cdNICA,AUXILIA NA MELHORA DA QUALIDADE DO LEITE E REDUZ O CUSTO DE PRODU\u00c7\u00c3O.<\/p>\n<p>AUS\u00caNCIA DE RES\u00cdDUOS NA CARNE,LEITE E MEIO AMBIENTE.<\/p>\n<p>&nbsp;<\/p>\n","protected":false},"featured_media":2030,"comment_status":"open","ping_status":"closed","template":"","meta":{"_joinchat":{"telephone":"+5531993790162"}},"product_brand":[],"product_cat":[24],"product_tag":[],"class_list":{"0":"post-845","1":"product","2":"type-product","3":"status-publish","4":"has-post-thumbnail","6":"product_cat-linha-tradicional","8":"first","9":"instock","10":"shipping-taxable","11":"purchasable","12":"product-type-simple"},"_links":{"self":[{"href":"https:\/\/pecnew.com.br\/index.php\/wp-json\/wp\/v2\/product\/845","targetHints":{"allow":["GET"]}}],"collection":[{"href":"https:\/\/pecnew.com.br\/index.php\/wp-json\/wp\/v2\/product"}],"about":[{"href":"https:\/\/pecnew.com.br\/index.php\/wp-json\/wp\/v2\/types\/product"}],"replies":[{"embeddable":true,"href":"https:\/\/pecnew.com.br\/index.php\/wp-json\/wp\/v2\/comments?post=845"}],"wp:featuredmedia":[{"embeddable":true,"href":"https:\/\/pecnew.com.br\/index.php\/wp-json\/wp\/v2\/media\/2030"}],"wp:attachment":[{"href":"https:\/\/pecnew.com.br\/index.php\/wp-json\/wp\/v2\/media?parent=845"}],"wp:term":[{"taxonomy":"product_brand","embeddable":true,"href":"https:\/\/pecnew.com.br\/index.php\/wp-json\/wp\/v2\/product_brand?post=845"},{"taxonomy":"product_cat","embeddable":true,"href":"https:\/\/pecnew.com.br\/index.php\/wp-json\/wp\/v2\/product_cat?post=845"},{"taxonomy":"product_tag","embeddable":true,"href":"https:\/\/pecnew.com.br\/index.php\/wp-json\/wp\/v2\/product_tag?post=845"}],"curies":[{"name":"wp","href":"https:\/\/api.w.org\/{rel}","templated":true}]}}