{"id":661,"date":"2017-10-01T23:50:44","date_gmt":"2017-10-01T23:50:44","guid":{"rendered":"http:\/\/pecnew.com.br\/?post_type=product&#038;p=661"},"modified":"2023-02-17T15:59:51","modified_gmt":"2023-02-17T15:59:51","slug":"pododermatite-20kg","status":"publish","type":"product","link":"https:\/\/pecnew.com.br\/index.php\/produto\/pododermatite-20kg\/","title":{"rendered":"Pododermatite &#8211; 20kg"},"content":{"rendered":"<p>Produto 100% Homeop\u00e1tico.<\/p>\n<p>&nbsp;<\/p>\n<p>Peso do produto: 20kg.<\/p>\n","protected":false},"excerpt":{"rendered":"<p>AUXILIA NA RECUPERA\u00c7\u00c3O DOS CASCOS,ATRAVES DA REGENERA\u00c7\u00c3O DOS TECIDOS LOCAIS.<\/p>\n<p>AUS\u00caNCIA DE RES\u00cdDUO NA CARNE,LEITE E MEIO AMBIENTE<\/p>\n","protected":false},"featured_media":1718,"comment_status":"open","ping_status":"closed","template":"","meta":{"_joinchat":{"telephone":"+5531993790162"}},"product_brand":[],"product_cat":[29,37,25,33,24,26],"product_tag":[],"class_list":{"0":"post-661","1":"product","2":"type-product","3":"status-publish","4":"has-post-thumbnail","6":"product_cat-sem-categoria","7":"product_cat-bovinos-equinos","8":"product_cat-linha-pet","9":"product_cat-linha-suinos","10":"product_cat-linha-tradicional","11":"product_cat-linha-vital-agricola","13":"first","14":"instock","15":"shipping-taxable","16":"purchasable","17":"product-type-simple"},"_links":{"self":[{"href":"https:\/\/pecnew.com.br\/index.php\/wp-json\/wp\/v2\/product\/661","targetHints":{"allow":["GET"]}}],"collection":[{"href":"https:\/\/pecnew.com.br\/index.php\/wp-json\/wp\/v2\/product"}],"about":[{"href":"https:\/\/pecnew.com.br\/index.php\/wp-json\/wp\/v2\/types\/product"}],"replies":[{"embeddable":true,"href":"https:\/\/pecnew.com.br\/index.php\/wp-json\/wp\/v2\/comments?post=661"}],"wp:featuredmedia":[{"embeddable":true,"href":"https:\/\/pecnew.com.br\/index.php\/wp-json\/wp\/v2\/media\/1718"}],"wp:attachment":[{"href":"https:\/\/pecnew.com.br\/index.php\/wp-json\/wp\/v2\/media?parent=661"}],"wp:term":[{"taxonomy":"product_brand","embeddable":true,"href":"https:\/\/pecnew.com.br\/index.php\/wp-json\/wp\/v2\/product_brand?post=661"},{"taxonomy":"product_cat","embeddable":true,"href":"https:\/\/pecnew.com.br\/index.php\/wp-json\/wp\/v2\/product_cat?post=661"},{"taxonomy":"product_tag","embeddable":true,"href":"https:\/\/pecnew.com.br\/index.php\/wp-json\/wp\/v2\/product_tag?post=661"}],"curies":[{"name":"wp","href":"https:\/\/api.w.org\/{rel}","templated":true}]}}