{"id":2113,"date":"2023-03-09T14:05:59","date_gmt":"2023-03-09T14:05:59","guid":{"rendered":"https:\/\/pecnew.com.br\/?post_type=product&#038;p=2113"},"modified":"2024-04-09T16:07:02","modified_gmt":"2024-04-09T16:07:02","slug":"piolho-de-galinha-sc-de-20kg","status":"publish","type":"product","link":"https:\/\/pecnew.com.br\/index.php\/produto\/piolho-de-galinha-sc-de-20kg\/","title":{"rendered":"PIOLHO DE GALINHA SC DE 20KG"},"content":{"rendered":"<p>PRODUTO 100% HOMEOPATICO!<\/p>\n","protected":false},"excerpt":{"rendered":"<p>CONTROLE E PREVEN\u00c7\u00c3O DA INFESTA\u00c7\u00c3O DE PIOLHO DE GALINHA.<\/p>\n","protected":false},"featured_media":2114,"comment_status":"open","ping_status":"closed","template":"","meta":{"_joinchat":{"telephone":"+5531993790162"}},"product_brand":[],"product_cat":[29],"product_tag":[],"class_list":{"0":"post-2113","1":"product","2":"type-product","3":"status-publish","4":"has-post-thumbnail","6":"product_cat-sem-categoria","8":"first","9":"instock","10":"shipping-taxable","11":"purchasable","12":"product-type-simple"},"_links":{"self":[{"href":"https:\/\/pecnew.com.br\/index.php\/wp-json\/wp\/v2\/product\/2113","targetHints":{"allow":["GET"]}}],"collection":[{"href":"https:\/\/pecnew.com.br\/index.php\/wp-json\/wp\/v2\/product"}],"about":[{"href":"https:\/\/pecnew.com.br\/index.php\/wp-json\/wp\/v2\/types\/product"}],"replies":[{"embeddable":true,"href":"https:\/\/pecnew.com.br\/index.php\/wp-json\/wp\/v2\/comments?post=2113"}],"wp:featuredmedia":[{"embeddable":true,"href":"https:\/\/pecnew.com.br\/index.php\/wp-json\/wp\/v2\/media\/2114"}],"wp:attachment":[{"href":"https:\/\/pecnew.com.br\/index.php\/wp-json\/wp\/v2\/media?parent=2113"}],"wp:term":[{"taxonomy":"product_brand","embeddable":true,"href":"https:\/\/pecnew.com.br\/index.php\/wp-json\/wp\/v2\/product_brand?post=2113"},{"taxonomy":"product_cat","embeddable":true,"href":"https:\/\/pecnew.com.br\/index.php\/wp-json\/wp\/v2\/product_cat?post=2113"},{"taxonomy":"product_tag","embeddable":true,"href":"https:\/\/pecnew.com.br\/index.php\/wp-json\/wp\/v2\/product_tag?post=2113"}],"curies":[{"name":"wp","href":"https:\/\/api.w.org\/{rel}","templated":true}]}}