{"id":2102,"date":"2023-01-11T14:12:23","date_gmt":"2023-01-11T14:12:23","guid":{"rendered":"https:\/\/pecnew.com.br\/?post_type=product&#038;p=2102"},"modified":"2023-01-11T14:41:31","modified_gmt":"2023-01-11T14:41:31","slug":"septibo-pecnew-balde-de-36kg","status":"publish","type":"product","link":"https:\/\/pecnew.com.br\/index.php\/produto\/septibo-pecnew-balde-de-36kg\/","title":{"rendered":"SEPTIBO PECNEW BALDE DE 3,6KG"},"content":{"rendered":"<p>PRODUTO 100% HOMEOPATICO!<\/p>\n","protected":false},"excerpt":{"rendered":"<p>ANTIBACTERIANO QUE AUXILIA\u00a0 CONTROLE E PREVEN\u00c7\u00c3O DAS INFEC\u00c7OES EM GERAL,MELHORANDO A SITUA\u00c7\u00c3O DOS ANIMAIS E AUMENTANDO A IMUNIDADE<\/p>\n","protected":false},"featured_media":2103,"comment_status":"open","ping_status":"closed","template":"","meta":{"_joinchat":{"telephone":"+5531993790162"}},"product_brand":[],"product_cat":[29,37,33,24],"product_tag":[],"class_list":{"0":"post-2102","1":"product","2":"type-product","3":"status-publish","4":"has-post-thumbnail","6":"product_cat-sem-categoria","7":"product_cat-bovinos-equinos","8":"product_cat-linha-suinos","9":"product_cat-linha-tradicional","11":"first","12":"instock","13":"shipping-taxable","14":"purchasable","15":"product-type-simple"},"_links":{"self":[{"href":"https:\/\/pecnew.com.br\/index.php\/wp-json\/wp\/v2\/product\/2102","targetHints":{"allow":["GET"]}}],"collection":[{"href":"https:\/\/pecnew.com.br\/index.php\/wp-json\/wp\/v2\/product"}],"about":[{"href":"https:\/\/pecnew.com.br\/index.php\/wp-json\/wp\/v2\/types\/product"}],"replies":[{"embeddable":true,"href":"https:\/\/pecnew.com.br\/index.php\/wp-json\/wp\/v2\/comments?post=2102"}],"wp:featuredmedia":[{"embeddable":true,"href":"https:\/\/pecnew.com.br\/index.php\/wp-json\/wp\/v2\/media\/2103"}],"wp:attachment":[{"href":"https:\/\/pecnew.com.br\/index.php\/wp-json\/wp\/v2\/media?parent=2102"}],"wp:term":[{"taxonomy":"product_brand","embeddable":true,"href":"https:\/\/pecnew.com.br\/index.php\/wp-json\/wp\/v2\/product_brand?post=2102"},{"taxonomy":"product_cat","embeddable":true,"href":"https:\/\/pecnew.com.br\/index.php\/wp-json\/wp\/v2\/product_cat?post=2102"},{"taxonomy":"product_tag","embeddable":true,"href":"https:\/\/pecnew.com.br\/index.php\/wp-json\/wp\/v2\/product_tag?post=2102"}],"curies":[{"name":"wp","href":"https:\/\/api.w.org\/{rel}","templated":true}]}}