{"id":1960,"date":"2022-05-06T14:06:18","date_gmt":"2022-05-06T14:06:18","guid":{"rendered":"https:\/\/pecnew.com.br\/?post_type=product&#038;p=1960"},"modified":"2022-05-06T14:06:18","modified_gmt":"2022-05-06T14:06:18","slug":"piolho-de-galinha-solucao-pecnew-frasco-de-500-ml","status":"publish","type":"product","link":"https:\/\/pecnew.com.br\/index.php\/produto\/piolho-de-galinha-solucao-pecnew-frasco-de-500-ml\/","title":{"rendered":"PIOLHO DE GALINHA SOLU\u00c7\u00c3O PECNEW FRASCO DE 500 ML"},"content":{"rendered":"","protected":false},"excerpt":{"rendered":"<p>CONTROLE E PREVEN\u00c7\u00c3O DA INFESTA\u00c7\u00c3O DE PIOLHO DE GALINHA<\/p>\n","protected":false},"featured_media":1961,"comment_status":"open","ping_status":"closed","template":"","meta":{"_joinchat":{"telephone":"+5531993790162"}},"product_brand":[],"product_cat":[29],"product_tag":[],"class_list":{"0":"post-1960","1":"product","2":"type-product","3":"status-publish","4":"has-post-thumbnail","6":"product_cat-sem-categoria","8":"first","9":"instock","10":"shipping-taxable","11":"purchasable","12":"product-type-simple"},"_links":{"self":[{"href":"https:\/\/pecnew.com.br\/index.php\/wp-json\/wp\/v2\/product\/1960","targetHints":{"allow":["GET"]}}],"collection":[{"href":"https:\/\/pecnew.com.br\/index.php\/wp-json\/wp\/v2\/product"}],"about":[{"href":"https:\/\/pecnew.com.br\/index.php\/wp-json\/wp\/v2\/types\/product"}],"replies":[{"embeddable":true,"href":"https:\/\/pecnew.com.br\/index.php\/wp-json\/wp\/v2\/comments?post=1960"}],"wp:featuredmedia":[{"embeddable":true,"href":"https:\/\/pecnew.com.br\/index.php\/wp-json\/wp\/v2\/media\/1961"}],"wp:attachment":[{"href":"https:\/\/pecnew.com.br\/index.php\/wp-json\/wp\/v2\/media?parent=1960"}],"wp:term":[{"taxonomy":"product_brand","embeddable":true,"href":"https:\/\/pecnew.com.br\/index.php\/wp-json\/wp\/v2\/product_brand?post=1960"},{"taxonomy":"product_cat","embeddable":true,"href":"https:\/\/pecnew.com.br\/index.php\/wp-json\/wp\/v2\/product_cat?post=1960"},{"taxonomy":"product_tag","embeddable":true,"href":"https:\/\/pecnew.com.br\/index.php\/wp-json\/wp\/v2\/product_tag?post=1960"}],"curies":[{"name":"wp","href":"https:\/\/api.w.org\/{rel}","templated":true}]}}