{"id":1900,"date":"2022-05-03T16:33:40","date_gmt":"2022-05-03T16:33:40","guid":{"rendered":"https:\/\/pecnew.com.br\/?post_type=product&#038;p=1900"},"modified":"2022-05-03T16:33:40","modified_gmt":"2022-05-03T16:33:40","slug":"carrapato-e-pulga-frasco-de-1-litro","status":"publish","type":"product","link":"https:\/\/pecnew.com.br\/index.php\/produto\/carrapato-e-pulga-frasco-de-1-litro\/","title":{"rendered":"CARRAPATO E PULGA FRASCO DE 1 LITRO"},"content":{"rendered":"","protected":false},"excerpt":{"rendered":"<p>Al\u00e9m do inc\u00f4modo da coceira da infesta\u00e7\u00e3o de pulgas e carrapatos, esses parasitas podem transmitir diversas doen\u00e7as para seu pet, ent\u00e3o n\u00e3o deixe seu amiguinho desamparado, use o carrapato e pulga pecnew!!<\/p>\n","protected":false},"featured_media":1901,"comment_status":"open","ping_status":"closed","template":"","meta":{"_joinchat":{"telephone":"+5531993790162"}},"product_brand":[],"product_cat":[29],"product_tag":[],"class_list":{"0":"post-1900","1":"product","2":"type-product","3":"status-publish","4":"has-post-thumbnail","6":"product_cat-sem-categoria","8":"first","9":"instock","10":"shipping-taxable","11":"purchasable","12":"product-type-simple"},"_links":{"self":[{"href":"https:\/\/pecnew.com.br\/index.php\/wp-json\/wp\/v2\/product\/1900","targetHints":{"allow":["GET"]}}],"collection":[{"href":"https:\/\/pecnew.com.br\/index.php\/wp-json\/wp\/v2\/product"}],"about":[{"href":"https:\/\/pecnew.com.br\/index.php\/wp-json\/wp\/v2\/types\/product"}],"replies":[{"embeddable":true,"href":"https:\/\/pecnew.com.br\/index.php\/wp-json\/wp\/v2\/comments?post=1900"}],"wp:featuredmedia":[{"embeddable":true,"href":"https:\/\/pecnew.com.br\/index.php\/wp-json\/wp\/v2\/media\/1901"}],"wp:attachment":[{"href":"https:\/\/pecnew.com.br\/index.php\/wp-json\/wp\/v2\/media?parent=1900"}],"wp:term":[{"taxonomy":"product_brand","embeddable":true,"href":"https:\/\/pecnew.com.br\/index.php\/wp-json\/wp\/v2\/product_brand?post=1900"},{"taxonomy":"product_cat","embeddable":true,"href":"https:\/\/pecnew.com.br\/index.php\/wp-json\/wp\/v2\/product_cat?post=1900"},{"taxonomy":"product_tag","embeddable":true,"href":"https:\/\/pecnew.com.br\/index.php\/wp-json\/wp\/v2\/product_tag?post=1900"}],"curies":[{"name":"wp","href":"https:\/\/api.w.org\/{rel}","templated":true}]}}