{"id":1828,"date":"2022-04-27T17:22:40","date_gmt":"2022-04-27T17:22:40","guid":{"rendered":"https:\/\/pecnew.com.br\/?post_type=product&#038;p=1828"},"modified":"2022-04-27T17:22:41","modified_gmt":"2022-04-27T17:22:41","slug":"carrapato-e-pulga-pecnew-frasco-de-250-ml","status":"publish","type":"product","link":"https:\/\/pecnew.com.br\/index.php\/produto\/carrapato-e-pulga-pecnew-frasco-de-250-ml\/","title":{"rendered":"CARRAPATO E PULGA PECNEW FRASCO DE 250 ML"},"content":{"rendered":"","protected":false},"excerpt":{"rendered":"<p>Al\u00e9m do inc\u00f4modo da coceira da infesta\u00e7\u00e3o de pulgas e carrapatos, esses parasitas podem transmitir diversas doen\u00e7as. Use medicamentos PECNEW.<\/p>\n","protected":false},"featured_media":1829,"comment_status":"open","ping_status":"closed","template":"","meta":{"_joinchat":{"telephone":"+5531993790162"}},"product_brand":[],"product_cat":[33,24],"product_tag":[],"class_list":{"0":"post-1828","1":"product","2":"type-product","3":"status-publish","4":"has-post-thumbnail","6":"product_cat-linha-suinos","7":"product_cat-linha-tradicional","9":"first","10":"instock","11":"shipping-taxable","12":"purchasable","13":"product-type-simple"},"_links":{"self":[{"href":"https:\/\/pecnew.com.br\/index.php\/wp-json\/wp\/v2\/product\/1828","targetHints":{"allow":["GET"]}}],"collection":[{"href":"https:\/\/pecnew.com.br\/index.php\/wp-json\/wp\/v2\/product"}],"about":[{"href":"https:\/\/pecnew.com.br\/index.php\/wp-json\/wp\/v2\/types\/product"}],"replies":[{"embeddable":true,"href":"https:\/\/pecnew.com.br\/index.php\/wp-json\/wp\/v2\/comments?post=1828"}],"wp:featuredmedia":[{"embeddable":true,"href":"https:\/\/pecnew.com.br\/index.php\/wp-json\/wp\/v2\/media\/1829"}],"wp:attachment":[{"href":"https:\/\/pecnew.com.br\/index.php\/wp-json\/wp\/v2\/media?parent=1828"}],"wp:term":[{"taxonomy":"product_brand","embeddable":true,"href":"https:\/\/pecnew.com.br\/index.php\/wp-json\/wp\/v2\/product_brand?post=1828"},{"taxonomy":"product_cat","embeddable":true,"href":"https:\/\/pecnew.com.br\/index.php\/wp-json\/wp\/v2\/product_cat?post=1828"},{"taxonomy":"product_tag","embeddable":true,"href":"https:\/\/pecnew.com.br\/index.php\/wp-json\/wp\/v2\/product_tag?post=1828"}],"curies":[{"name":"wp","href":"https:\/\/api.w.org\/{rel}","templated":true}]}}