{"id":1768,"date":"2022-02-24T16:54:10","date_gmt":"2022-02-24T16:54:10","guid":{"rendered":"https:\/\/pecnew.com.br\/?post_type=product&#038;p=1768"},"modified":"2022-02-24T16:54:10","modified_gmt":"2022-02-24T16:54:10","slug":"pre-parto-pecnew-100ml","status":"publish","type":"product","link":"https:\/\/pecnew.com.br\/index.php\/produto\/pre-parto-pecnew-100ml\/","title":{"rendered":"PR\u00c9-PARTO PECNEW 100ML"},"content":{"rendered":"","protected":false},"excerpt":{"rendered":"<p>Auxilia na prepara\u00e7\u00e3o para o parto, preven\u00e7\u00e3o de reten\u00e7\u00e3o de placenta e infec\u00e7\u00f5es p\u00f3s- parto.<\/p>\n","protected":false},"featured_media":1769,"comment_status":"open","ping_status":"closed","template":"","meta":{"_joinchat":[]},"product_brand":[],"product_cat":[25,33,24],"product_tag":[],"class_list":{"0":"post-1768","1":"product","2":"type-product","3":"status-publish","4":"has-post-thumbnail","6":"product_cat-linha-pet","7":"product_cat-linha-suinos","8":"product_cat-linha-tradicional","10":"first","11":"instock","12":"shipping-taxable","13":"purchasable","14":"product-type-simple"},"_links":{"self":[{"href":"https:\/\/pecnew.com.br\/index.php\/wp-json\/wp\/v2\/product\/1768","targetHints":{"allow":["GET"]}}],"collection":[{"href":"https:\/\/pecnew.com.br\/index.php\/wp-json\/wp\/v2\/product"}],"about":[{"href":"https:\/\/pecnew.com.br\/index.php\/wp-json\/wp\/v2\/types\/product"}],"replies":[{"embeddable":true,"href":"https:\/\/pecnew.com.br\/index.php\/wp-json\/wp\/v2\/comments?post=1768"}],"wp:featuredmedia":[{"embeddable":true,"href":"https:\/\/pecnew.com.br\/index.php\/wp-json\/wp\/v2\/media\/1769"}],"wp:attachment":[{"href":"https:\/\/pecnew.com.br\/index.php\/wp-json\/wp\/v2\/media?parent=1768"}],"wp:term":[{"taxonomy":"product_brand","embeddable":true,"href":"https:\/\/pecnew.com.br\/index.php\/wp-json\/wp\/v2\/product_brand?post=1768"},{"taxonomy":"product_cat","embeddable":true,"href":"https:\/\/pecnew.com.br\/index.php\/wp-json\/wp\/v2\/product_cat?post=1768"},{"taxonomy":"product_tag","embeddable":true,"href":"https:\/\/pecnew.com.br\/index.php\/wp-json\/wp\/v2\/product_tag?post=1768"}],"curies":[{"name":"wp","href":"https:\/\/api.w.org\/{rel}","templated":true}]}}