{"id":1766,"date":"2022-02-24T16:51:42","date_gmt":"2022-02-24T16:51:42","guid":{"rendered":"https:\/\/pecnew.com.br\/?post_type=product&#038;p=1766"},"modified":"2022-02-24T16:51:42","modified_gmt":"2022-02-24T16:51:42","slug":"pro-cio-pecnew-100ml","status":"publish","type":"product","link":"https:\/\/pecnew.com.br\/index.php\/produto\/pro-cio-pecnew-100ml\/","title":{"rendered":"PRO-CIO PECNEW 100ML"},"content":{"rendered":"","protected":false},"excerpt":{"rendered":"<p style=\"font-weight: 400;\">Auxilia na manifesta\u00e7\u00e3o de cio f\u00e9rtil diminuindo o tempo de anestro.<\/p>\n","protected":false},"featured_media":1767,"comment_status":"open","ping_status":"closed","template":"","meta":{"_joinchat":{"telephone":"+5531993790162"}},"product_brand":[],"product_cat":[25,33,24],"product_tag":[],"class_list":{"0":"post-1766","1":"product","2":"type-product","3":"status-publish","4":"has-post-thumbnail","6":"product_cat-linha-pet","7":"product_cat-linha-suinos","8":"product_cat-linha-tradicional","10":"first","11":"instock","12":"shipping-taxable","13":"product-type-simple"},"_links":{"self":[{"href":"https:\/\/pecnew.com.br\/index.php\/wp-json\/wp\/v2\/product\/1766","targetHints":{"allow":["GET"]}}],"collection":[{"href":"https:\/\/pecnew.com.br\/index.php\/wp-json\/wp\/v2\/product"}],"about":[{"href":"https:\/\/pecnew.com.br\/index.php\/wp-json\/wp\/v2\/types\/product"}],"replies":[{"embeddable":true,"href":"https:\/\/pecnew.com.br\/index.php\/wp-json\/wp\/v2\/comments?post=1766"}],"wp:featuredmedia":[{"embeddable":true,"href":"https:\/\/pecnew.com.br\/index.php\/wp-json\/wp\/v2\/media\/1767"}],"wp:attachment":[{"href":"https:\/\/pecnew.com.br\/index.php\/wp-json\/wp\/v2\/media?parent=1766"}],"wp:term":[{"taxonomy":"product_brand","embeddable":true,"href":"https:\/\/pecnew.com.br\/index.php\/wp-json\/wp\/v2\/product_brand?post=1766"},{"taxonomy":"product_cat","embeddable":true,"href":"https:\/\/pecnew.com.br\/index.php\/wp-json\/wp\/v2\/product_cat?post=1766"},{"taxonomy":"product_tag","embeddable":true,"href":"https:\/\/pecnew.com.br\/index.php\/wp-json\/wp\/v2\/product_tag?post=1766"}],"curies":[{"name":"wp","href":"https:\/\/api.w.org\/{rel}","templated":true}]}}