{"id":1614,"date":"2021-02-22T19:17:05","date_gmt":"2021-02-22T19:17:05","guid":{"rendered":"http:\/\/pecnew.com.br\/?post_type=product&#038;p=1614"},"modified":"2022-02-24T13:37:15","modified_gmt":"2022-02-24T13:37:15","slug":"vital-pecnew-100ml","status":"publish","type":"product","link":"https:\/\/pecnew.com.br\/index.php\/produto\/vital-pecnew-100ml\/","title":{"rendered":"VITAL PECNEW 100ML"},"content":{"rendered":"<p>PRODUTO 100% NATURAL!<\/p>\n<p>&nbsp;<\/p>\n","protected":false},"excerpt":{"rendered":"<p>Ativa e mantem a energia vital, melhora o funcionamento de todo o organismo, gerando grande equil\u00edbrio\u00a0 org\u00e2nico, melhora a imunidade, gera mais sa\u00fade, disposi\u00e7\u00e3o e longevidade.<\/p>\n","protected":false},"featured_media":1729,"comment_status":"open","ping_status":"closed","template":"","meta":{"_joinchat":{"telephone":"+5531993790162"}},"product_brand":[],"product_cat":[29,25],"product_tag":[],"class_list":{"0":"post-1614","1":"product","2":"type-product","3":"status-publish","4":"has-post-thumbnail","6":"product_cat-sem-categoria","7":"product_cat-linha-pet","9":"first","10":"instock","11":"shipping-taxable","12":"purchasable","13":"product-type-simple"},"_links":{"self":[{"href":"https:\/\/pecnew.com.br\/index.php\/wp-json\/wp\/v2\/product\/1614","targetHints":{"allow":["GET"]}}],"collection":[{"href":"https:\/\/pecnew.com.br\/index.php\/wp-json\/wp\/v2\/product"}],"about":[{"href":"https:\/\/pecnew.com.br\/index.php\/wp-json\/wp\/v2\/types\/product"}],"replies":[{"embeddable":true,"href":"https:\/\/pecnew.com.br\/index.php\/wp-json\/wp\/v2\/comments?post=1614"}],"wp:featuredmedia":[{"embeddable":true,"href":"https:\/\/pecnew.com.br\/index.php\/wp-json\/wp\/v2\/media\/1729"}],"wp:attachment":[{"href":"https:\/\/pecnew.com.br\/index.php\/wp-json\/wp\/v2\/media?parent=1614"}],"wp:term":[{"taxonomy":"product_brand","embeddable":true,"href":"https:\/\/pecnew.com.br\/index.php\/wp-json\/wp\/v2\/product_brand?post=1614"},{"taxonomy":"product_cat","embeddable":true,"href":"https:\/\/pecnew.com.br\/index.php\/wp-json\/wp\/v2\/product_cat?post=1614"},{"taxonomy":"product_tag","embeddable":true,"href":"https:\/\/pecnew.com.br\/index.php\/wp-json\/wp\/v2\/product_tag?post=1614"}],"curies":[{"name":"wp","href":"https:\/\/api.w.org\/{rel}","templated":true}]}}