{"id":1596,"date":"2021-02-22T18:51:54","date_gmt":"2021-02-22T18:51:54","guid":{"rendered":"http:\/\/pecnew.com.br\/?post_type=product&#038;p=1596"},"modified":"2022-02-24T15:42:54","modified_gmt":"2022-02-24T15:42:54","slug":"ortopedico-pecnew-100ml","status":"publish","type":"product","link":"https:\/\/pecnew.com.br\/index.php\/produto\/ortopedico-pecnew-100ml\/","title":{"rendered":"ORTOP\u00c9DICO PECNEW 100ML"},"content":{"rendered":"<p>PRODUTO 100% NATURAL!<\/p>\n","protected":false},"excerpt":{"rendered":"<p>Melhor recupera\u00e7\u00e3o de fraturas, reduz o enfraquecimento \u00f3sseo e assimila os nutrientes para melhor forma\u00e7\u00e3o estrutural.<\/p>\n","protected":false},"featured_media":1737,"comment_status":"open","ping_status":"closed","template":"","meta":{"_joinchat":{"telephone":"+5531993790162"}},"product_brand":[],"product_cat":[25,24],"product_tag":[],"class_list":{"0":"post-1596","1":"product","2":"type-product","3":"status-publish","4":"has-post-thumbnail","6":"product_cat-linha-pet","7":"product_cat-linha-tradicional","9":"first","10":"instock","11":"shipping-taxable","12":"purchasable","13":"product-type-simple"},"_links":{"self":[{"href":"https:\/\/pecnew.com.br\/index.php\/wp-json\/wp\/v2\/product\/1596","targetHints":{"allow":["GET"]}}],"collection":[{"href":"https:\/\/pecnew.com.br\/index.php\/wp-json\/wp\/v2\/product"}],"about":[{"href":"https:\/\/pecnew.com.br\/index.php\/wp-json\/wp\/v2\/types\/product"}],"replies":[{"embeddable":true,"href":"https:\/\/pecnew.com.br\/index.php\/wp-json\/wp\/v2\/comments?post=1596"}],"wp:featuredmedia":[{"embeddable":true,"href":"https:\/\/pecnew.com.br\/index.php\/wp-json\/wp\/v2\/media\/1737"}],"wp:attachment":[{"href":"https:\/\/pecnew.com.br\/index.php\/wp-json\/wp\/v2\/media?parent=1596"}],"wp:term":[{"taxonomy":"product_brand","embeddable":true,"href":"https:\/\/pecnew.com.br\/index.php\/wp-json\/wp\/v2\/product_brand?post=1596"},{"taxonomy":"product_cat","embeddable":true,"href":"https:\/\/pecnew.com.br\/index.php\/wp-json\/wp\/v2\/product_cat?post=1596"},{"taxonomy":"product_tag","embeddable":true,"href":"https:\/\/pecnew.com.br\/index.php\/wp-json\/wp\/v2\/product_tag?post=1596"}],"curies":[{"name":"wp","href":"https:\/\/api.w.org\/{rel}","templated":true}]}}