{"id":1473,"date":"2020-05-25T20:35:22","date_gmt":"2020-05-25T20:35:22","guid":{"rendered":"http:\/\/pecnew.com.br\/?post_type=product&#038;p=1473"},"modified":"2022-06-06T13:11:16","modified_gmt":"2022-06-06T13:11:16","slug":"pintinho-pecnew-quantic-balde-de-36kg","status":"publish","type":"product","link":"https:\/\/pecnew.com.br\/index.php\/produto\/pintinho-pecnew-quantic-balde-de-36kg\/","title":{"rendered":"PINTINHO PECNEW BD DE 3,6KG"},"content":{"rendered":"<p>PRODUTOS 100% HOMEOP\u00c1TICO!<\/p>\n","protected":false},"excerpt":{"rendered":"<p>MELHORA CONVERS\u00c3O ALIMENTAR,CONTROLA DOEN\u00c7AS ONDE ATRAV\u00c9S DA\u00cd DIMINUI SE CONSIDERAVELMENTE A MORTALIDADE NAS GRANJAS.<\/p>\n","protected":false},"featured_media":2033,"comment_status":"open","ping_status":"closed","template":"","meta":{"_joinchat":[]},"product_brand":[],"product_cat":[29],"product_tag":[],"class_list":{"0":"post-1473","1":"product","2":"type-product","3":"status-publish","4":"has-post-thumbnail","6":"product_cat-sem-categoria","8":"first","9":"instock","10":"shipping-taxable","11":"purchasable","12":"product-type-simple"},"_links":{"self":[{"href":"https:\/\/pecnew.com.br\/index.php\/wp-json\/wp\/v2\/product\/1473","targetHints":{"allow":["GET"]}}],"collection":[{"href":"https:\/\/pecnew.com.br\/index.php\/wp-json\/wp\/v2\/product"}],"about":[{"href":"https:\/\/pecnew.com.br\/index.php\/wp-json\/wp\/v2\/types\/product"}],"replies":[{"embeddable":true,"href":"https:\/\/pecnew.com.br\/index.php\/wp-json\/wp\/v2\/comments?post=1473"}],"wp:featuredmedia":[{"embeddable":true,"href":"https:\/\/pecnew.com.br\/index.php\/wp-json\/wp\/v2\/media\/2033"}],"wp:attachment":[{"href":"https:\/\/pecnew.com.br\/index.php\/wp-json\/wp\/v2\/media?parent=1473"}],"wp:term":[{"taxonomy":"product_brand","embeddable":true,"href":"https:\/\/pecnew.com.br\/index.php\/wp-json\/wp\/v2\/product_brand?post=1473"},{"taxonomy":"product_cat","embeddable":true,"href":"https:\/\/pecnew.com.br\/index.php\/wp-json\/wp\/v2\/product_cat?post=1473"},{"taxonomy":"product_tag","embeddable":true,"href":"https:\/\/pecnew.com.br\/index.php\/wp-json\/wp\/v2\/product_tag?post=1473"}],"curies":[{"name":"wp","href":"https:\/\/api.w.org\/{rel}","templated":true}]}}