{"id":1442,"date":"2020-04-29T14:46:55","date_gmt":"2020-04-29T14:46:55","guid":{"rendered":"http:\/\/pecnew.com.br\/?post_type=product&#038;p=1442"},"modified":"2023-01-10T16:34:31","modified_gmt":"2023-01-10T16:34:31","slug":"cicatriza-pecnew-100ml","status":"publish","type":"product","link":"https:\/\/pecnew.com.br\/index.php\/produto\/cicatriza-pecnew-100ml\/","title":{"rendered":"CICATRIZA PECNEW 100ML"},"content":{"rendered":"<p>PRODUTO 100% HOMEOP\u00c1TICO!<\/p>\n","protected":false},"excerpt":{"rendered":"<p>TEM COMO FUN\u00c7\u00c3O ACELERAR A CICATRIZA\u00c7\u00c3O TANTO EM FERIDAS SEM CONTAMINA\u00c7\u00c3O,QUANTO EM CONTAMINADAS,TIRA DORES,PROVOCA HEMOSTASIA E DIMINIU AT\u00c9 90% AS FIBROSES<\/p>\n","protected":false},"featured_media":1440,"comment_status":"open","ping_status":"closed","template":"","meta":{"_joinchat":[]},"product_brand":[],"product_cat":[25,24],"product_tag":[],"class_list":{"0":"post-1442","1":"product","2":"type-product","3":"status-publish","4":"has-post-thumbnail","6":"product_cat-linha-pet","7":"product_cat-linha-tradicional","9":"first","10":"instock","11":"shipping-taxable","12":"purchasable","13":"product-type-simple"},"_links":{"self":[{"href":"https:\/\/pecnew.com.br\/index.php\/wp-json\/wp\/v2\/product\/1442","targetHints":{"allow":["GET"]}}],"collection":[{"href":"https:\/\/pecnew.com.br\/index.php\/wp-json\/wp\/v2\/product"}],"about":[{"href":"https:\/\/pecnew.com.br\/index.php\/wp-json\/wp\/v2\/types\/product"}],"replies":[{"embeddable":true,"href":"https:\/\/pecnew.com.br\/index.php\/wp-json\/wp\/v2\/comments?post=1442"}],"wp:featuredmedia":[{"embeddable":true,"href":"https:\/\/pecnew.com.br\/index.php\/wp-json\/wp\/v2\/media\/1440"}],"wp:attachment":[{"href":"https:\/\/pecnew.com.br\/index.php\/wp-json\/wp\/v2\/media?parent=1442"}],"wp:term":[{"taxonomy":"product_brand","embeddable":true,"href":"https:\/\/pecnew.com.br\/index.php\/wp-json\/wp\/v2\/product_brand?post=1442"},{"taxonomy":"product_cat","embeddable":true,"href":"https:\/\/pecnew.com.br\/index.php\/wp-json\/wp\/v2\/product_cat?post=1442"},{"taxonomy":"product_tag","embeddable":true,"href":"https:\/\/pecnew.com.br\/index.php\/wp-json\/wp\/v2\/product_tag?post=1442"}],"curies":[{"name":"wp","href":"https:\/\/api.w.org\/{rel}","templated":true}]}}