{"id":1419,"date":"2020-01-14T19:45:58","date_gmt":"2020-01-14T19:45:58","guid":{"rendered":"http:\/\/pecnew.com.br\/?post_type=product&#038;p=1419"},"modified":"2024-04-09T17:03:01","modified_gmt":"2024-04-09T17:03:01","slug":"poedeira-sc-de-20kg","status":"publish","type":"product","link":"https:\/\/pecnew.com.br\/index.php\/produto\/poedeira-sc-de-20kg\/","title":{"rendered":"POEDEIRA SC DE 20KG"},"content":{"rendered":"<p>PRODUTO 100% HOMEOPATICOS<\/p>\n<p>ADQUIRA J\u00c1 O SEU!!!<\/p>\n","protected":false},"excerpt":{"rendered":"<p>AUXILIA NA CONVERS\u00c3O ALIMENTAR,MELHORANDO O GANHO DE PESO,CONTROLA DOEN\u00c7AS COMO SALMONELOSE,COCCIDIOSE,DIMINUI A MORTALIDADE E OS OVOS S\u00c3O MELHORES E RESISTENTES,MELHOR QUALIDADE DA CARNE.<\/p>\n","protected":false},"featured_media":1700,"comment_status":"open","ping_status":"closed","template":"","meta":{"_joinchat":[]},"product_brand":[],"product_cat":[29,37,25,33,24,26],"product_tag":[],"class_list":{"0":"post-1419","1":"product","2":"type-product","3":"status-publish","4":"has-post-thumbnail","6":"product_cat-sem-categoria","7":"product_cat-bovinos-equinos","8":"product_cat-linha-pet","9":"product_cat-linha-suinos","10":"product_cat-linha-tradicional","11":"product_cat-linha-vital-agricola","13":"first","14":"instock","15":"shipping-taxable","16":"purchasable","17":"product-type-simple"},"_links":{"self":[{"href":"https:\/\/pecnew.com.br\/index.php\/wp-json\/wp\/v2\/product\/1419","targetHints":{"allow":["GET"]}}],"collection":[{"href":"https:\/\/pecnew.com.br\/index.php\/wp-json\/wp\/v2\/product"}],"about":[{"href":"https:\/\/pecnew.com.br\/index.php\/wp-json\/wp\/v2\/types\/product"}],"replies":[{"embeddable":true,"href":"https:\/\/pecnew.com.br\/index.php\/wp-json\/wp\/v2\/comments?post=1419"}],"wp:featuredmedia":[{"embeddable":true,"href":"https:\/\/pecnew.com.br\/index.php\/wp-json\/wp\/v2\/media\/1700"}],"wp:attachment":[{"href":"https:\/\/pecnew.com.br\/index.php\/wp-json\/wp\/v2\/media?parent=1419"}],"wp:term":[{"taxonomy":"product_brand","embeddable":true,"href":"https:\/\/pecnew.com.br\/index.php\/wp-json\/wp\/v2\/product_brand?post=1419"},{"taxonomy":"product_cat","embeddable":true,"href":"https:\/\/pecnew.com.br\/index.php\/wp-json\/wp\/v2\/product_cat?post=1419"},{"taxonomy":"product_tag","embeddable":true,"href":"https:\/\/pecnew.com.br\/index.php\/wp-json\/wp\/v2\/product_tag?post=1419"}],"curies":[{"name":"wp","href":"https:\/\/api.w.org\/{rel}","templated":true}]}}